{"id":3424,"date":"2018-01-01T15:59:54","date_gmt":"2018-01-01T15:59:54","guid":{"rendered":"https:\/\/eurogesetze.com\/?page_id=3424"},"modified":"2023-11-02T16:05:25","modified_gmt":"2023-11-02T16:05:25","slug":"3424-2","status":"publish","type":"page","link":"https:\/\/eurogesetze.com\/?page_id=3424","title":{"rendered":"Haftungsausschluss"},"content":{"rendered":"<p>Alle hier ge\u00e4u\u00dferten Meinungen und Ansichten sind reine Einzelmeinungen.<\/p>\n<p><strong>Email<\/strong><\/p>\n<p>Die im Kommentarformular genannte E-Mail-Adresse wird stets aus Datenschutzgr\u00fcnden verwendet und niemals f\u00fcr Spam verwendet oder an Dritte verkauft.<\/p>\n<p>Wenn Sie weitere Informationen ben\u00f6tigen oder Fragen zum Haftungsausschluss unserer Website haben, k\u00f6nnen Sie uns gerne per E-Mail \u00fcber das <a href=\"https:\/\/eurogesetze.com\/?page_id=3427\">Kontaktformular kontaktieren<\/a>.<\/p>\n<p>Alle Informationen auf dieser Website werden in gutem Glauben und nur zu allgemeinen Informationszwecken ver\u00f6ffentlicht. EuroGesetze.com \u00fcbernimmt keine Gew\u00e4hr f\u00fcr die Vollst\u00e4ndigkeit, Zuverl\u00e4ssigkeit und Richtigkeit dieser Informationen. S\u00e4mtliche Handlungen, die Sie aufgrund der Informationen, die Sie auf dieser Website (EuroGesetze.com) finden, vornehmen, erfolgen ausschlie\u00dflich auf Ihr eigenes Risiko. EuroGesetze.com haftet nicht f\u00fcr Verluste und\/oder Sch\u00e4den im Zusammenhang mit der Nutzung unserer Website.<\/p>\n<p>Von unserer Website aus k\u00f6nnen Sie andere Websites besuchen, indem Sie Hyperlinks zu solchen externen Websites folgen. Obwohl wir bestrebt sind, nur hochwertige Links zu n\u00fctzlichen und ethisch vertretbaren Websites bereitzustellen, haben wir keine Kontrolle \u00fcber den Inhalt und die Beschaffenheit dieser Websites. Diese Links zu anderen Websites stellen keine Empfehlung f\u00fcr den gesamten Inhalt dieser Websites dar. Websiteeigent\u00fcmer und Inhalte k\u00f6nnen sich ohne Vorank\u00fcndigung \u00e4ndern und dies kann geschehen, bevor wir die M\u00f6glichkeit haben, einen Link zu entfernen, der m\u00f6glicherweise \u201eschlecht\u201c geworden ist.<\/p>\n<p>Bitte beachten Sie auch, dass beim Verlassen unserer Website m\u00f6glicherweise andere Datenschutzrichtlinien und -bedingungen auf anderen Websites gelten, auf die wir keinen Einfluss haben. Bitte \u00fcberpr\u00fcfen Sie unbedingt die Datenschutzrichtlinien dieser Websites sowie deren \u201eNutzungsbedingungen\u201c, bevor Sie Gesch\u00e4fte t\u00e4tigen oder Informationen hochladen.<\/p>\n<p><strong>Kommentare<\/strong><\/p>\n<p>Wir lieben Kommentare, aber Kommentare, die beleidigend sind, Hass verbreiten, rassistisch sind oder in irgendeiner Weise die Meinung anderer verletzen, werden niemals ber\u00fccksichtigt. Wir moderieren unsere Kommentare, um die Integrit\u00e4t des Einzelnen zu wahren. Wir behalten uns das Recht vor, Kommentare anzunehmen oder abzulehnen.<\/p>\n<p><strong>Werberichtlinie<\/strong><\/p>\n<p>F\u00fcr die Bereitstellung von Werbung nutzen wir Werbefirmen Dritter. Einige von ihnen wie Adsense verwenden das DART-Cookie, um Werbung basierend auf dem Benutzerinteresse und fr\u00fcheren Interaktionen zu schalten. Allerdings kann der Nutzer die DARt-Cookie-Einstellungen jederzeit deaktivieren, indem er die Datenschutzrichtlinie f\u00fcr Google-Anzeigen und Content-Werbenetzwerke besucht (https:\/\/policies.google.com\/technologies\/ads).<\/p>\n<p><strong>Zustimmung<\/strong><\/p>\n<p>Durch die Nutzung unserer Website stimmen Sie hiermit unserem Haftungsausschluss zu und stimmen dessen Bedingungen zu.<\/p>\n<p>Der Haftungsausschluss dieser Website wurde zuletzt aktualisiert am: Dienstag, 1. Januar 2018<\/p>\n<p>Sollten wir dieses Dokument aktualisieren, erg\u00e4nzen oder \u00c4nderungen daran vornehmen, werden diese \u00c4nderungen hier deutlich sichtbar ver\u00f6ffentlicht.<\/p>\n<div class=\"social-share-buttons\"><a href=\"https:\/\/www.facebook.com\/sharer\/sharer.php?u=https:\/\/eurogesetze.com\/?page_id=3424\" target=\"_blank\" rel=\"noopener\">Facebook<\/a><a href=\"https:\/\/twitter.com\/intent\/tweet?url=https:\/\/eurogesetze.com\/?page_id=3424&text=Haftungsausschluss\" target=\"_blank\" rel=\"noopener\">Twitter<\/a><a href=\"https:\/\/www.linkedin.com\/shareArticle?url=https:\/\/eurogesetze.com\/?page_id=3424&title=Haftungsausschluss\" target=\"_blank\" rel=\"noopener\">LinkedIn<\/a><a href=\"https:\/\/pinterest.com\/pin\/create\/button\/?url=https:\/\/eurogesetze.com\/?page_id=3424&description=Haftungsausschluss\" target=\"_blank\" rel=\"noopener\">Pinterest<\/a><\/div>","protected":false},"excerpt":{"rendered":"<p>Alle hier ge\u00e4u\u00dferten Meinungen und Ansichten sind reine Einzelmeinungen. Email Die im Kommentarformular genannte E-Mail-Adresse wird stets aus Datenschutzgr\u00fcnden verwendet und niemals f\u00fcr Spam verwendet oder an Dritte verkauft. Wenn Sie weitere Informationen ben\u00f6tigen oder Fragen zum Haftungsausschluss unserer Website&hellip;<\/p>\n<p class=\"more-link-p\"><a class=\"more-link\" href=\"https:\/\/eurogesetze.com\/?page_id=3424\">Read more &rarr;<\/a><\/p>\n","protected":false},"author":1,"featured_media":0,"parent":0,"menu_order":0,"comment_status":"closed","ping_status":"closed","template":"","meta":{"_lmt_disableupdate":"no","_lmt_disable":"","footnotes":""},"class_list":["post-3424","page","type-page","status-publish","hentry"],"_links":{"self":[{"href":"https:\/\/eurogesetze.com\/index.php?rest_route=\/wp\/v2\/pages\/3424","targetHints":{"allow":["GET"]}}],"collection":[{"href":"https:\/\/eurogesetze.com\/index.php?rest_route=\/wp\/v2\/pages"}],"about":[{"href":"https:\/\/eurogesetze.com\/index.php?rest_route=\/wp\/v2\/types\/page"}],"author":[{"embeddable":true,"href":"https:\/\/eurogesetze.com\/index.php?rest_route=\/wp\/v2\/users\/1"}],"replies":[{"embeddable":true,"href":"https:\/\/eurogesetze.com\/index.php?rest_route=%2Fwp%2Fv2%2Fcomments&post=3424"}],"version-history":[{"count":3,"href":"https:\/\/eurogesetze.com\/index.php?rest_route=\/wp\/v2\/pages\/3424\/revisions"}],"predecessor-version":[{"id":3430,"href":"https:\/\/eurogesetze.com\/index.php?rest_route=\/wp\/v2\/pages\/3424\/revisions\/3430"}],"wp:attachment":[{"href":"https:\/\/eurogesetze.com\/index.php?rest_route=%2Fwp%2Fv2%2Fmedia&parent=3424"}],"curies":[{"name":"wp","href":"https:\/\/api.w.org\/{rel}","templated":true}]}}